{"id":4641,"date":"2024-07-24T14:25:55","date_gmt":"2024-07-24T12:25:55","guid":{"rendered":"https:\/\/ghana.diplomatie.gov.bf\/?page_id=4641"},"modified":"2024-07-24T14:40:59","modified_gmt":"2024-07-24T12:40:59","slug":"focus-sur-la-diaspora","status":"publish","type":"page","link":"https:\/\/ghana.diplomatie.gov.bf\/index.php\/focus-sur-la-diaspora\/","title":{"rendered":"Focus sur la diaspora"},"content":{"rendered":"\t\t<div data-elementor-type=\"wp-page\" data-elementor-id=\"4641\" class=\"elementor elementor-4641\" data-elementor-post-type=\"page\">\n\t\t\t\t<div data-particle_enable=\"false\" data-particle-mobile-disabled=\"false\" class=\"elementor-element elementor-element-42f885b e-con-full e-flex e-con e-parent\" data-id=\"42f885b\" data-element_type=\"container\" data-e-type=\"container\">\n\t\t\t\t<div class=\"elementor-element elementor-element-54ad0244 elementor-headline--style-rotate elementor-widget elementor-widget-animated-headline\" data-id=\"54ad0244\" data-element_type=\"widget\" data-e-type=\"widget\" data-settings=\"{&quot;headline_style&quot;:&quot;rotate&quot;,&quot;animation_type&quot;:&quot;flip&quot;,&quot;loop&quot;:&quot;yes&quot;,&quot;rotate_iteration_delay&quot;:2500}\" data-widget_type=\"animated-headline.default\">\n\t\t\t\t<div class=\"elementor-widget-container\">\n\t\t\t\t\t\t\t<h3 class=\"elementor-headline elementor-headline-animation-type-flip\">\n\t\t\t\t\t<span class=\"elementor-headline-plain-text elementor-headline-text-wrapper\">Toute l'actualit\u00e9  de la diaspora Burkinab\u00e8 vivante en Ethiopie<\/span>\n\t\t\t\t<span class=\"elementor-headline-dynamic-wrapper elementor-headline-text-wrapper\">\n\t\t\t\t<\/span>\n\t\t\t\t<\/h3>\n\t\t\t\t\t\t<\/div>\n\t\t\t\t<\/div>\n\t\t\t\t<div class=\"elementor-element elementor-element-7195067d elementor-headline--style-rotate elementor-widget elementor-widget-animated-headline\" data-id=\"7195067d\" data-element_type=\"widget\" data-e-type=\"widget\" data-settings=\"{&quot;headline_style&quot;:&quot;rotate&quot;,&quot;animation_type&quot;:&quot;blinds&quot;,&quot;rotating_text&quot;:&quot;Informations\\nAnnonces\\nVie associative\\nJourn\\u00e9es culturelles&quot;,&quot;loop&quot;:&quot;yes&quot;,&quot;rotate_iteration_delay&quot;:2500}\" data-widget_type=\"animated-headline.default\">\n\t\t\t\t<div class=\"elementor-widget-container\">\n\t\t\t\t\t\t\t<h4 class=\"elementor-headline elementor-headline-animation-type-blinds elementor-headline-letters\">\n\t\t\t\t<span class=\"elementor-headline-dynamic-wrapper elementor-headline-text-wrapper\">\n\t\t\t\t\t<span class=\"elementor-headline-dynamic-text elementor-headline-text-active\">\n\t\t\t\tInformations\t\t\t<\/span>\n\t\t\t\t\t<span class=\"elementor-headline-dynamic-text\">\n\t\t\t\tAnnonces\t\t\t<\/span>\n\t\t\t\t\t<span class=\"elementor-headline-dynamic-text\">\n\t\t\t\tVie&nbsp;associative\t\t\t<\/span>\n\t\t\t\t\t<span class=\"elementor-headline-dynamic-text\">\n\t\t\t\tJourn\u00e9es&nbsp;culturelles\t\t\t<\/span>\n\t\t\t\t\t\t<\/span>\n\t\t\t\t<\/h4>\n\t\t\t\t\t\t<\/div>\n\t\t\t\t<\/div>\n\t\t\t\t<div class=\"elementor-element elementor-element-4e663cee elementor-widget elementor-widget-eael-post-list\" data-id=\"4e663cee\" data-element_type=\"widget\" data-e-type=\"widget\" data-widget_type=\"eael-post-list.default\">\n\t\t\t\t<div class=\"elementor-widget-container\">\n\t\t\t\t\t<div class=\"eael-post-list-container advanced layout-advanced\"><div class=\"eael-post-list-wrap\"><div class=\"eael-post-list-posts-wrap eael-post-appender eael-post-appender-4e663cee\"><div class=\"eael-post-list-post \"><div class=\"eael-post-list-post-inner\"><div class=\"eael-post-list-thumbnail \"><a href=\"https:\/\/ghana.diplomatie.gov.bf\/index.php\/championnats-dafrique-dathletisme-seniors-de-la-region-ii-accra-2024-les-athletes-burkinabe-recoivent-le-soutien-de-lambassadeur-david-kabre-et-des-membres-de-la-communaute-burkinabe-a-accra\/\">\n                <img decoding=\"async\" src=\"https:\/\/ghana.diplomatie.gov.bf\/wp-content\/uploads\/sites\/31\/2024\/10\/ath1.jpg\" alt=\"\">\n            <\/a><\/div><div class=\"eael-post-list-content\"><h2 class=\"eael-post-list-title\"><a href=\"https:\/\/ghana.diplomatie.gov.bf\/index.php\/championnats-dafrique-dathletisme-seniors-de-la-region-ii-accra-2024-les-athletes-burkinabe-recoivent-le-soutien-de-lambassadeur-david-kabre-et-des-membres-de-la-communaute-burkinabe-a-accra\/\" >Championnats d&rsquo;Afrique d&rsquo;athl\u00e9tisme seniors de la r\u00e9gion II, Accra 2024 : Les athl\u00e8tes burkinab\u00e8 re\u00e7oivent le soutien de l&rsquo;Ambassadeur David KABRE et des membres de la communaut\u00e9 burkinab\u00e9 \u00e0 Accra.<\/a><\/h2><div class=\"meta\"><span class=\"eael-post-published-date\"><i class=\"far fa-calendar-alt\"><\/i> 1 octobre 2024<\/span><\/div><p>Pr\u00e9sents \u00e0 Accra dans le cadre des Championnats d&rsquo;Afrique d&rsquo;athl\u00e9tisme seniors de...<\/p><a href=\"https:\/\/ghana.diplomatie.gov.bf\/index.php\/championnats-dafrique-dathletisme-seniors-de-la-region-ii-accra-2024-les-athletes-burkinabe-recoivent-le-soutien-de-lambassadeur-david-kabre-et-des-membres-de-la-communaute-burkinabe-a-accra\/\" class=\"eael-post-elements-readmore-btn\" >En savoir plus<\/a><div class=\"boxed-meta\"><\/div><\/div><\/div><\/div><div class=\"eael-post-list-post \"><div class=\"eael-post-list-post-inner\"><div class=\"eael-post-list-thumbnail \"><a href=\"https:\/\/ghana.diplomatie.gov.bf\/index.php\/lambassadeur-david-kabre-en-visite-de-travail-a-sunyani\/\">\n                <img decoding=\"async\" src=\"https:\/\/ghana.diplomatie.gov.bf\/wp-content\/uploads\/sites\/31\/2024\/10\/photo3.jpg\" alt=\"\">\n            <\/a><\/div><div class=\"eael-post-list-content\"><h2 class=\"eael-post-list-title\"><a href=\"https:\/\/ghana.diplomatie.gov.bf\/index.php\/lambassadeur-david-kabre-en-visite-de-travail-a-sunyani\/\" >L\u2019Ambassadeur David KABRE en visite de travail \u00e0 Sunyani<\/a><\/h2><div class=\"meta\"><span class=\"eael-post-published-date\"><i class=\"far fa-calendar-alt\"><\/i> 1 octobre 2024<\/span><\/div><p>Du 10 au 11 juin 2024, SEM l&rsquo;Ambassadeur David KABR\u00c9 a effectu\u00e9...<\/p><a href=\"https:\/\/ghana.diplomatie.gov.bf\/index.php\/lambassadeur-david-kabre-en-visite-de-travail-a-sunyani\/\" class=\"eael-post-elements-readmore-btn\" >En savoir plus<\/a><div class=\"boxed-meta\"><\/div><\/div><\/div><\/div><div class=\"eael-post-list-post \"><div class=\"eael-post-list-post-inner\"><div class=\"eael-post-list-thumbnail \"><a href=\"https:\/\/ghana.diplomatie.gov.bf\/index.php\/mademoiselle-lingane-patissiere-de-formation-rend-hommage-aux-forces-de-defense-et-de-securite-du-burkina-faso-depuis-accra\/\">\n                <img decoding=\"async\" src=\"https:\/\/ghana.diplomatie.gov.bf\/wp-content\/uploads\/sites\/31\/2024\/10\/accra1.jpg\" alt=\"\">\n            <\/a><\/div><div class=\"eael-post-list-content\"><h2 class=\"eael-post-list-title\"><a href=\"https:\/\/ghana.diplomatie.gov.bf\/index.php\/mademoiselle-lingane-patissiere-de-formation-rend-hommage-aux-forces-de-defense-et-de-securite-du-burkina-faso-depuis-accra\/\" >Mademoiselle LINGANE, p\u00e2tissi\u00e8re de formation, rend hommage aux forces de d\u00e9fense et de s\u00e9curit\u00e9 du Burkina Faso depuis Accra.<\/a><\/h2><div class=\"meta\"><span class=\"eael-post-published-date\"><i class=\"far fa-calendar-alt\"><\/i> 1 octobre 2024<\/span><\/div><p>Pr\u00e9sente \u00e0 Accra pour une formation de sp\u00e9cialisation en p\u00e2tisserie approfondie, Mademoiselle...<\/p><a href=\"https:\/\/ghana.diplomatie.gov.bf\/index.php\/mademoiselle-lingane-patissiere-de-formation-rend-hommage-aux-forces-de-defense-et-de-securite-du-burkina-faso-depuis-accra\/\" class=\"eael-post-elements-readmore-btn\" >En savoir plus<\/a><div class=\"boxed-meta\"><\/div><\/div><\/div><\/div><div class=\"eael-post-list-post \"><div class=\"eael-post-list-post-inner\"><div class=\"eael-post-list-thumbnail \"><a href=\"https:\/\/ghana.diplomatie.gov.bf\/index.php\/ceremonie-douverture-de-la-premiere-edition-des-journees-de-mobilisation-patriotique-et-culturelle-du-burkina-faso-accra-2024\/\">\n                <img decoding=\"async\" src=\"https:\/\/ghana.diplomatie.gov.bf\/wp-content\/uploads\/sites\/31\/2024\/10\/accra.jpg\" alt=\"\">\n            <\/a><\/div><div class=\"eael-post-list-content\"><h2 class=\"eael-post-list-title\"><a href=\"https:\/\/ghana.diplomatie.gov.bf\/index.php\/ceremonie-douverture-de-la-premiere-edition-des-journees-de-mobilisation-patriotique-et-culturelle-du-burkina-faso-accra-2024\/\" >C\u00e9r\u00e9monie d\u2019ouverture de la premi\u00e8re \u00e9dition des Journ\u00e9es de mobilisation patriotique et culturelle du Burkina Faso Accra 2024.<\/a><\/h2><div class=\"meta\"><span class=\"eael-post-published-date\"><i class=\"far fa-calendar-alt\"><\/i> 1 octobre 2024<\/span><\/div><p>La c\u00e9r\u00e9monie d&rsquo;ouverture s&rsquo;est d\u00e9roul\u00e9e le samedi 13 juillet 2024 dans la...<\/p><a href=\"https:\/\/ghana.diplomatie.gov.bf\/index.php\/ceremonie-douverture-de-la-premiere-edition-des-journees-de-mobilisation-patriotique-et-culturelle-du-burkina-faso-accra-2024\/\" class=\"eael-post-elements-readmore-btn\" >En savoir plus<\/a><div class=\"boxed-meta\"><\/div><\/div><\/div><\/div><\/div><\/div>\n\t\t<\/div><div data-nonce=\"066c578891\" class=\"post-list-pagination\" data-widget-id=\"4e663cee\" data-widget=\"4e663cee\" data-page-id=\"4641\" data-class=\"Essential_Addons_Elementor\\Pro\\Elements\\Post_List\" data-args=\"orderby=date&amp;order=desc&amp;ignore_sticky_posts=1&amp;post_status=publish&amp;posts_per_page=4&amp;offset=0&amp;post_type=post&amp;tax_query%5B0%5D%5Btaxonomy%5D=category&amp;tax_query%5B0%5D%5Bfield%5D=term_id&amp;tax_query%5B0%5D%5Bterms%5D%5B0%5D=29&amp;tax_query%5Brelation%5D=AND\" data-settings=\"eael_post_list_post_feature_image=yes&amp;eael_post_list_post_meta=yes&amp;eael_post_list_post_title=yes&amp;eael_post_list_post_excerpt=yes&amp;eael_post_list_post_excerpt_length=12&amp;eael_post_list_pagination=navigation&amp;eael_post_list_layout_type=advanced&amp;eael_post_list_post_cat=&amp;eael_post_list_author_meta=&amp;eael_post_list_title_tag=h2&amp;eael_show_read_more_button=yes&amp;eael_post_list_read_more_text=En+savoir+plus&amp;eael_post_list_excerpt_expanison_indicator=...&amp;eael_post_featured_image_size=large&amp;eael_post_list_show_last_modified=no\" data-page=\"1\" data-scroll-on-pagination=\"1\" data-scroll-offset=\"100\" data-template=\"{&quot;dir&quot;:&quot;pro&quot;,&quot;file_name&quot;:&quot;advanced.php&quot;,&quot;name&quot;:&quot;Post-List&quot;}\">\n            <button class=\"btn btn-prev-post\" id=\"post-nav-prev-4e663cee\" disabled=\"true\" aria-label=\"previous\"><svg aria-hidden=\"true\" class=\"e-font-icon-svg e-fas-angle-left\" viewBox=\"0 0 256 512\" xmlns=\"http:\/\/www.w3.org\/2000\/svg\"><path d=\"M31.7 239l136-136c9.4-9.4 24.6-9.4 33.9 0l22.6 22.6c9.4 9.4 9.4 24.6 0 33.9L127.9 256l96.4 96.4c9.4 9.4 9.4 24.6 0 33.9L201.7 409c-9.4 9.4-24.6 9.4-33.9 0l-136-136c-9.5-9.4-9.5-24.6-.1-34z\"><\/path><\/svg><\/button><button class=\"btn btn-next-post\" id=\"post-nav-next-4e663cee\" aria-label=\"next\"><svg aria-hidden=\"true\" class=\"e-font-icon-svg e-fas-angle-right\" viewBox=\"0 0 256 512\" xmlns=\"http:\/\/www.w3.org\/2000\/svg\"><path d=\"M224.3 273l-136 136c-9.4 9.4-24.6 9.4-33.9 0l-22.6-22.6c-9.4-9.4-9.4-24.6 0-33.9l96.4-96.4-96.4-96.4c-9.4-9.4-9.4-24.6 0-33.9L54.3 103c9.4-9.4 24.6-9.4 33.9 0l136 136c9.5 9.4 9.5 24.6.1 34z\"><\/path><\/svg><\/button>\n        <\/div>\t\t\t\t<\/div>\n\t\t\t\t<\/div>\n\t\t\t\t<\/div>\n\t\t\t\t<\/div>\n\t\t","protected":false},"excerpt":{"rendered":"<p>Toute l&rsquo;actualit\u00e9 de la diaspora Burkinab\u00e8 vivante en Ethiopie Informations Annonces Vie&nbsp;associative Journ\u00e9es&nbsp;culturelles Lancement des Journ\u00e9es d\u2019engagement patriotique et de participation citoyenne sous le signe de la Coh\u00e9sion 8 juillet 2024 S.E.M Sylvain Yamtiguimgda YAMEOGO, Ambassadeur Repr\u00e9sentant Permanent adjoint avec le personnel de&#8230; En savoir plus L\u2019Ambassadeur YAMEOGO re\u00e7oit son homologue du Mali en visite [&hellip;]<\/p>\n","protected":false},"author":9,"featured_media":0,"parent":0,"menu_order":0,"comment_status":"closed","ping_status":"closed","template":"","meta":{"_acf_changed":false,"_monsterinsights_skip_tracking":false,"_monsterinsights_sitenote_active":false,"_monsterinsights_sitenote_note":"","_monsterinsights_sitenote_category":0,"footnotes":""},"class_list":["post-4641","page","type-page","status-publish","hentry"],"acf":[],"_links":{"self":[{"href":"https:\/\/ghana.diplomatie.gov.bf\/index.php\/wp-json\/wp\/v2\/pages\/4641","targetHints":{"allow":["GET"]}}],"collection":[{"href":"https:\/\/ghana.diplomatie.gov.bf\/index.php\/wp-json\/wp\/v2\/pages"}],"about":[{"href":"https:\/\/ghana.diplomatie.gov.bf\/index.php\/wp-json\/wp\/v2\/types\/page"}],"author":[{"embeddable":true,"href":"https:\/\/ghana.diplomatie.gov.bf\/index.php\/wp-json\/wp\/v2\/users\/9"}],"replies":[{"embeddable":true,"href":"https:\/\/ghana.diplomatie.gov.bf\/index.php\/wp-json\/wp\/v2\/comments?post=4641"}],"version-history":[{"count":4,"href":"https:\/\/ghana.diplomatie.gov.bf\/index.php\/wp-json\/wp\/v2\/pages\/4641\/revisions"}],"predecessor-version":[{"id":4650,"href":"https:\/\/ghana.diplomatie.gov.bf\/index.php\/wp-json\/wp\/v2\/pages\/4641\/revisions\/4650"}],"wp:attachment":[{"href":"https:\/\/ghana.diplomatie.gov.bf\/index.php\/wp-json\/wp\/v2\/media?parent=4641"}],"curies":[{"name":"wp","href":"https:\/\/api.w.org\/{rel}","templated":true}]}}