{"id":3980,"date":"2024-06-27T11:37:08","date_gmt":"2024-06-27T09:37:08","guid":{"rendered":"https:\/\/ghana.diplomatie.gov.bf\/?page_id=3980"},"modified":"2024-09-30T16:02:03","modified_gmt":"2024-09-30T14:02:03","slug":"le-personnel","status":"publish","type":"page","link":"https:\/\/ghana.diplomatie.gov.bf\/index.php\/le-personnel\/","title":{"rendered":"Le personnel"},"content":{"rendered":"\t\t<div data-elementor-type=\"wp-page\" data-elementor-id=\"3980\" class=\"elementor elementor-3980\" data-elementor-post-type=\"page\">\n\t\t\t\t<div data-particle_enable=\"false\" data-particle-mobile-disabled=\"false\" class=\"elementor-element elementor-element-4eb88673 e-flex e-con-boxed elementor-invisible e-con e-parent\" data-id=\"4eb88673\" data-element_type=\"container\" data-e-type=\"container\" data-settings=\"{&quot;background_background&quot;:&quot;classic&quot;,&quot;animation&quot;:&quot;slideInLeft&quot;}\">\n\t\t\t\t\t<div class=\"e-con-inner\">\n\t\t<div data-particle_enable=\"false\" data-particle-mobile-disabled=\"false\" class=\"elementor-element elementor-element-7884ee44 e-con-full e-flex elementor-invisible e-con e-child\" data-id=\"7884ee44\" data-element_type=\"container\" data-e-type=\"container\" data-settings=\"{&quot;animation&quot;:&quot;fadeInLeft&quot;}\">\n\t\t\t\t<div class=\"elementor-element elementor-element-493a66f elementor-widget elementor-widget-tg-team\" data-id=\"493a66f\" data-element_type=\"widget\" data-e-type=\"widget\" data-widget_type=\"tg-team.default\">\n\t\t\t\t<div class=\"elementor-widget-container\">\n\t\t\t\t\t\r\n\r\n\r\n        \r\n            <div class=\"row justify-content-center gutter-24\">\r\n                                    <div class=\"col-lg-3 col-md-6 col-sm-8\">\r\n                        <div class=\"team__item-two shine-animate-item\">\r\n                                                            <div class=\"team__thumb-two shine-animate\">\r\n                                    <img decoding=\"async\" src=\"https:\/\/ghana.diplomatie.gov.bf\/wp-content\/uploads\/sites\/31\/2024\/09\/EXCELLENCE-KABRE.jpg\" alt=\"\">\r\n                                <\/div>\r\n                                                        <div class=\"team__content-two\">\r\n                                <h4 class=\"title\"><a href=\"#\">KABRE David <\/a><\/h4>\r\n                                                                    <span>SEM l\u2019Ambassadeur<\/span>\r\n                                                                                            <\/div>\r\n                        <\/div>\r\n                    <\/div>\r\n                                    <div class=\"col-lg-3 col-md-6 col-sm-8\">\r\n                        <div class=\"team__item-two shine-animate-item\">\r\n                                                            <div class=\"team__thumb-two shine-animate\">\r\n                                    <img decoding=\"async\" src=\"https:\/\/ghana.diplomatie.gov.bf\/wp-content\/uploads\/sites\/31\/2024\/09\/WhatsApp-Image-2024-09-30-a-15.44.12_ffccb686.jpg\" alt=\"\">\r\n                                <\/div>\r\n                                                        <div class=\"team__content-two\">\r\n                                <h4 class=\"title\"><a href=\"#\">PARE\/OUEDRAOGO Fatoumata<\/a><\/h4>\r\n                                                                    <span>Premier Conseiller\/Chef service politique<\/span>\r\n                                                                                            <\/div>\r\n                        <\/div>\r\n                    <\/div>\r\n                                    <div class=\"col-lg-3 col-md-6 col-sm-8\">\r\n                        <div class=\"team__item-two shine-animate-item\">\r\n                                                            <div class=\"team__thumb-two shine-animate\">\r\n                                    <img decoding=\"async\" src=\"https:\/\/ghana.diplomatie.gov.bf\/wp-content\/uploads\/sites\/31\/2024\/09\/WhatsApp-Image-2024-09-30-a-15.44.12_f3be627c.jpg\" alt=\"\">\r\n                                <\/div>\r\n                                                        <div class=\"team__content-two\">\r\n                                <h4 class=\"title\"><a href=\"#\">DABIRE Yrsaona Urbain<\/a><\/h4>\r\n                                                                    <span>Premier Conseiller\/Chef service \u00e9conomique<\/span>\r\n                                                                                            <\/div>\r\n                        <\/div>\r\n                    <\/div>\r\n                                    <div class=\"col-lg-3 col-md-6 col-sm-8\">\r\n                        <div class=\"team__item-two shine-animate-item\">\r\n                                                            <div class=\"team__thumb-two shine-animate\">\r\n                                    <img decoding=\"async\" src=\"https:\/\/ghana.diplomatie.gov.bf\/wp-content\/uploads\/sites\/31\/2024\/09\/WhatsApp-Image-2024-09-30-a-15.44.12_f3be627c.jpg\" alt=\"\">\r\n                                <\/div>\r\n                                                        <div class=\"team__content-two\">\r\n                                <h4 class=\"title\"><a href=\"#\">Yves Patrick OUEDRAOGO<\/a><\/h4>\r\n                                                                    <span>Attach\u00e9 de D\u00e9fense\/Mission militaire<\/span>\r\n                                                                                            <\/div>\r\n                        <\/div>\r\n                    <\/div>\r\n                                    <div class=\"col-lg-3 col-md-6 col-sm-8\">\r\n                        <div class=\"team__item-two shine-animate-item\">\r\n                                                            <div class=\"team__thumb-two shine-animate\">\r\n                                    <img decoding=\"async\" src=\"https:\/\/ghana.diplomatie.gov.bf\/wp-content\/uploads\/sites\/31\/2024\/09\/WhatsApp-Image-2024-09-30-a-15.44.12_f3be627c.jpg\" alt=\"\">\r\n                                <\/div>\r\n                                                        <div class=\"team__content-two\">\r\n                                <h4 class=\"title\"><a href=\"#\">DIALLO Sohaibo <\/a><\/h4>\r\n                                                                    <span>Attach\u00e9 Sp\u00e9cialis\u00e9<\/span>\r\n                                                                                            <\/div>\r\n                        <\/div>\r\n                    <\/div>\r\n                                    <div class=\"col-lg-3 col-md-6 col-sm-8\">\r\n                        <div class=\"team__item-two shine-animate-item\">\r\n                                                            <div class=\"team__thumb-two shine-animate\">\r\n                                    <img decoding=\"async\" src=\"https:\/\/ghana.diplomatie.gov.bf\/wp-content\/uploads\/sites\/31\/2024\/09\/WhatsApp-Image-2024-09-30-a-15.44.12_f3be627c.jpg\" alt=\"\">\r\n                                <\/div>\r\n                                                        <div class=\"team__content-two\">\r\n                                <h4 class=\"title\"><a href=\"#\">Bernard Tinbgouwaga TAGO<\/a><\/h4>\r\n                                                                    <span>Deuxi\u00e8me Conseiller<\/span>\r\n                                                                                            <\/div>\r\n                        <\/div>\r\n                    <\/div>\r\n                                    <div class=\"col-lg-3 col-md-6 col-sm-8\">\r\n                        <div class=\"team__item-two shine-animate-item\">\r\n                                                            <div class=\"team__thumb-two shine-animate\">\r\n                                    <img decoding=\"async\" src=\"https:\/\/ghana.diplomatie.gov.bf\/wp-content\/uploads\/sites\/31\/2024\/09\/WhatsApp-Image-2024-09-30-a-15.44.12_ffccb686.jpg\" alt=\"\">\r\n                                <\/div>\r\n                                                        <div class=\"team__content-two\">\r\n                                <h4 class=\"title\"><a href=\"#\">KOUSSE\/COULIDIATI Adjima<\/a><\/h4>\r\n                                                                    <span>Deuxi\u00e8me Secr\u00e9taire\/Chef service consulaire<\/span>\r\n                                                                                            <\/div>\r\n                        <\/div>\r\n                    <\/div>\r\n                                    <div class=\"col-lg-3 col-md-6 col-sm-8\">\r\n                        <div class=\"team__item-two shine-animate-item\">\r\n                                                            <div class=\"team__thumb-two shine-animate\">\r\n                                    <img decoding=\"async\" src=\"https:\/\/ghana.diplomatie.gov.bf\/wp-content\/uploads\/sites\/31\/2024\/09\/WhatsApp-Image-2024-09-30-a-15.44.12_f3be627c.jpg\" alt=\"\">\r\n                                <\/div>\r\n                                                        <div class=\"team__content-two\">\r\n                                <h4 class=\"title\"><a href=\"#\">TRAORE Ibrahim <\/a><\/h4>\r\n                                                                    <span>Protocole\/Chef service protocole<\/span>\r\n                                                                                            <\/div>\r\n                        <\/div>\r\n                    <\/div>\r\n                                    <div class=\"col-lg-3 col-md-6 col-sm-8\">\r\n                        <div class=\"team__item-two shine-animate-item\">\r\n                                                            <div class=\"team__thumb-two shine-animate\">\r\n                                    <img decoding=\"async\" src=\"https:\/\/ghana.diplomatie.gov.bf\/wp-content\/uploads\/sites\/31\/2024\/09\/WhatsApp-Image-2024-09-30-a-15.44.12_f3be627c.jpg\" alt=\"\">\r\n                                <\/div>\r\n                                                        <div class=\"team__content-two\">\r\n                                <h4 class=\"title\"><a href=\"#\">KONE Issa <\/a><\/h4>\r\n                                                                    <span>Tr\u00e9sorier<\/span>\r\n                                                                                            <\/div>\r\n                        <\/div>\r\n                    <\/div>\r\n                                    <div class=\"col-lg-3 col-md-6 col-sm-8\">\r\n                        <div class=\"team__item-two shine-animate-item\">\r\n                                                            <div class=\"team__thumb-two shine-animate\">\r\n                                    <img decoding=\"async\" src=\"https:\/\/ghana.diplomatie.gov.bf\/wp-content\/uploads\/sites\/31\/2024\/09\/WhatsApp-Image-2024-09-30-a-15.44.12_f3be627c.jpg\" alt=\"\">\r\n                                <\/div>\r\n                                                        <div class=\"team__content-two\">\r\n                                <h4 class=\"title\"><a href=\"#\">MARE W. Micha\u00ebl <\/a><\/h4>\r\n                                                                    <span>Attach\u00e9\/Chef service communication, presse et relations Publiques <\/span>\r\n                                                                                            <\/div>\r\n                        <\/div>\r\n                    <\/div>\r\n                                    <div class=\"col-lg-3 col-md-6 col-sm-8\">\r\n                        <div class=\"team__item-two shine-animate-item\">\r\n                                                            <div class=\"team__thumb-two shine-animate\">\r\n                                    <img decoding=\"async\" src=\"https:\/\/ghana.diplomatie.gov.bf\/wp-content\/uploads\/sites\/31\/2024\/09\/WhatsApp-Image-2024-09-30-a-15.44.12_f3be627c.jpg\" alt=\"\">\r\n                                <\/div>\r\n                                                        <div class=\"team__content-two\">\r\n                                <h4 class=\"title\"><a href=\"#\">SOUGA Bouraogo<\/a><\/h4>\r\n                                                                    <span>Attach\u00e9\/Chef service r\u00e9seaux et transmissions<\/span>\r\n                                                                                            <\/div>\r\n                        <\/div>\r\n                    <\/div>\r\n                                    <div class=\"col-lg-3 col-md-6 col-sm-8\">\r\n                        <div class=\"team__item-two shine-animate-item\">\r\n                                                            <div class=\"team__thumb-two shine-animate\">\r\n                                    <img decoding=\"async\" src=\"https:\/\/ghana.diplomatie.gov.bf\/wp-content\/uploads\/sites\/31\/2024\/09\/WhatsApp-Image-2024-09-30-a-15.44.12_ffccb686.jpg\" alt=\"\">\r\n                                <\/div>\r\n                                                        <div class=\"team__content-two\">\r\n                                <h4 class=\"title\"><a href=\"#\">Interpr\u00e8te Traductrice<\/a><\/h4>\r\n                                                                    <span>SOME Diane<\/span>\r\n                                                                                                    <div class=\"team__social-two\">\r\n                                        <ul class=\"list-wrap\">\r\n                                            \r\n                                            \r\n                                            \r\n                                                                                            <li>\r\n                                                    <a href=\"#\"><i class=\"fab fa-facebook-f\"><\/i><\/a>\r\n                                                <\/li>\r\n                                            \r\n                                                                                            <li>\r\n                                                    <a href=\"#\"><i class=\"fab fa-twitter\"><\/i><\/a>\r\n                                                <\/li>\r\n                                            \r\n                                                                                            <li>\r\n                                                    <a href=\"#\"><i class=\"fab fa-instagram\"><\/i><\/a>\r\n                                                <\/li>\r\n                                            \r\n                                                                                            <li>\r\n                                                    <a href=\"#\"><i class=\"fab fa-linkedin-in\"><\/i><\/a>\r\n                                                <\/li>\r\n                                            \r\n                                            \r\n                                            \r\n                                            \r\n                                            \r\n                                            \r\n                                            \r\n                                            \r\n                                                                                    <\/ul>\r\n                                    <\/div>\r\n                                                            <\/div>\r\n                        <\/div>\r\n                    <\/div>\r\n                            <\/div>\r\n\r\n        \r\n\t\t\t\t<\/div>\n\t\t\t\t<\/div>\n\t\t\t\t<\/div>\n\t\t\t\t\t<\/div>\n\t\t\t\t<\/div>\n\t\t\t\t<\/div>\n\t\t","protected":false},"excerpt":{"rendered":"<p>KABRE David SEM l\u2019Ambassadeur PARE\/OUEDRAOGO Fatoumata Premier Conseiller\/Chef service politique DABIRE Yrsaona Urbain Premier Conseiller\/Chef service \u00e9conomique Yves Patrick OUEDRAOGO Attach\u00e9 de D\u00e9fense\/Mission militaire DIALLO Sohaibo Attach\u00e9 Sp\u00e9cialis\u00e9 Bernard Tinbgouwaga TAGO Deuxi\u00e8me Conseiller KOUSSE\/COULIDIATI Adjima Deuxi\u00e8me Secr\u00e9taire\/Chef service consulaire TRAORE Ibrahim Protocole\/Chef service protocole KONE Issa Tr\u00e9sorier MARE W. Micha\u00ebl Attach\u00e9\/Chef service communication, presse et [&hellip;]<\/p>\n","protected":false},"author":4,"featured_media":0,"parent":0,"menu_order":0,"comment_status":"closed","ping_status":"closed","template":"elementor_header_footer","meta":{"_acf_changed":false,"_monsterinsights_skip_tracking":false,"_monsterinsights_sitenote_active":false,"_monsterinsights_sitenote_note":"","_monsterinsights_sitenote_category":0,"footnotes":""},"class_list":["post-3980","page","type-page","status-publish","hentry"],"acf":[],"_links":{"self":[{"href":"https:\/\/ghana.diplomatie.gov.bf\/index.php\/wp-json\/wp\/v2\/pages\/3980","targetHints":{"allow":["GET"]}}],"collection":[{"href":"https:\/\/ghana.diplomatie.gov.bf\/index.php\/wp-json\/wp\/v2\/pages"}],"about":[{"href":"https:\/\/ghana.diplomatie.gov.bf\/index.php\/wp-json\/wp\/v2\/types\/page"}],"author":[{"embeddable":true,"href":"https:\/\/ghana.diplomatie.gov.bf\/index.php\/wp-json\/wp\/v2\/users\/4"}],"replies":[{"embeddable":true,"href":"https:\/\/ghana.diplomatie.gov.bf\/index.php\/wp-json\/wp\/v2\/comments?post=3980"}],"version-history":[{"count":93,"href":"https:\/\/ghana.diplomatie.gov.bf\/index.php\/wp-json\/wp\/v2\/pages\/3980\/revisions"}],"predecessor-version":[{"id":5106,"href":"https:\/\/ghana.diplomatie.gov.bf\/index.php\/wp-json\/wp\/v2\/pages\/3980\/revisions\/5106"}],"wp:attachment":[{"href":"https:\/\/ghana.diplomatie.gov.bf\/index.php\/wp-json\/wp\/v2\/media?parent=3980"}],"curies":[{"name":"wp","href":"https:\/\/api.w.org\/{rel}","templated":true}]}}