{"id":3081,"date":"2024-06-25T17:38:58","date_gmt":"2024-06-25T15:38:58","guid":{"rendered":"https:\/\/ghana.diplomatie.gov.bf\/?page_id=3081"},"modified":"2024-10-05T18:50:05","modified_gmt":"2024-10-05T16:50:05","slug":"cooperation","status":"publish","type":"page","link":"https:\/\/ghana.diplomatie.gov.bf\/index.php\/cooperation\/","title":{"rendered":"Coop\u00e9ration"},"content":{"rendered":"\t\t<div data-elementor-type=\"wp-page\" data-elementor-id=\"3081\" class=\"elementor elementor-3081\" data-elementor-post-type=\"page\">\n\t\t\t\t\t\t<section data-particle_enable=\"false\" data-particle-mobile-disabled=\"false\" class=\"elementor-section elementor-top-section elementor-element elementor-element-5be9735 elementor-section-content-middle elementor-section-boxed elementor-section-height-default elementor-section-height-default\" data-id=\"5be9735\" data-element_type=\"section\" data-e-type=\"section\">\n\t\t\t\t\t\t<div class=\"elementor-container elementor-column-gap-default\">\n\t\t\t\t\t<div class=\"elementor-column elementor-col-33 elementor-top-column elementor-element elementor-element-53bba94\" data-id=\"53bba94\" data-element_type=\"column\" data-e-type=\"column\">\n\t\t\t<div class=\"elementor-widget-wrap elementor-element-populated\">\n\t\t\t\t\t\t<div class=\"elementor-element elementor-element-4a69eb6 elementor-widget elementor-widget-image\" data-id=\"4a69eb6\" data-element_type=\"widget\" data-e-type=\"widget\" data-widget_type=\"image.default\">\n\t\t\t\t<div class=\"elementor-widget-container\">\n\t\t\t\t\t\t\t\t\t\t\t\t\t\t\t<img fetchpriority=\"high\" decoding=\"async\" width=\"640\" height=\"427\" src=\"https:\/\/ghana.diplomatie.gov.bf\/wp-content\/uploads\/sites\/31\/2024\/06\/Flag_of_Burkina_Faso.png\" class=\"attachment-large size-large wp-image-3861\" alt=\"\" \/>\t\t\t\t\t\t\t\t\t\t\t\t\t\t\t<\/div>\n\t\t\t\t<\/div>\n\t\t\t\t\t<\/div>\n\t\t<\/div>\n\t\t\t\t<div class=\"elementor-column elementor-col-33 elementor-top-column elementor-element elementor-element-a3f2d55\" data-id=\"a3f2d55\" data-element_type=\"column\" data-e-type=\"column\">\n\t\t\t<div class=\"elementor-widget-wrap elementor-element-populated\">\n\t\t\t\t\t\t<section data-particle_enable=\"false\" data-particle-mobile-disabled=\"false\" class=\"elementor-section elementor-inner-section elementor-element elementor-element-128b53c elementor-section-boxed elementor-section-height-default elementor-section-height-default\" data-id=\"128b53c\" data-element_type=\"section\" data-e-type=\"section\">\n\t\t\t\t\t\t<div class=\"elementor-container elementor-column-gap-default\">\n\t\t\t\t\t<div class=\"elementor-column elementor-col-100 elementor-inner-column elementor-element elementor-element-9944a25\" data-id=\"9944a25\" data-element_type=\"column\" data-e-type=\"column\">\n\t\t\t<div class=\"elementor-widget-wrap elementor-element-populated\">\n\t\t\t\t\t\t<div class=\"elementor-element elementor-element-de065ea elementor-widget elementor-widget-text-editor\" data-id=\"de065ea\" data-element_type=\"widget\" data-e-type=\"widget\" data-widget_type=\"text-editor.default\">\n\t\t\t\t<div class=\"elementor-widget-container\">\n\t\t\t\t\t\t\t\t\t<p>Le Burkina Faso dont l\u2019Ambassade a \u00e9t\u00e9 ouverte en R\u00e9publique du Ghana en mars 1961 a, au cours des d\u00e9cennies successives, entretenu avec ce pays des relations cordiales et fraternelles, fond\u00e9es sur des h\u00e9ritages communs que partagent les diff\u00e9rentes communaut\u00e9s de part et d\u2019autre des fronti\u00e8res, sur les plans g\u00e9ographique, historique, culturel et linguistique.<\/p><p>Au niveau institutionnel, le Burkina Faso et la R\u00e9publique du Ghana ont adopt\u00e9, depuis le 29 novembre 1971, un cadre formalis\u00e9 d\u2019\u00e9changes \u00e0 travers l\u2019institutionnalisation d\u2019une grande Commission Mixte de Coop\u00e9ration dont la derni\u00e8re s\u2019est tenue du 12 au 14 d\u00e9cembre 2018 \u00e0 Accra.<\/p><p><strong>Accords et Protocole sign\u00e9s lors de la derni\u00e8re session de la Commission mixte<\/strong> en 2018<\/p><ul><li>Accord relatif \u00e0 la mise en \u0153uvre d&rsquo;un projet d&rsquo;inter connectivit\u00e9 ferroviaire<\/li><li>Protocole d&rsquo;accord en mati\u00e8re de s\u00e9curit\u00e9<\/li><li>Protocole d&rsquo;accord dans le domaine du sport<\/li><li>M\u00e9morandum d&rsquo;entente dans le domaine de l&rsquo;\u00e9ducation<\/li><\/ul><p><strong>R\u00e9alisations et cadres de rencontre<\/strong><\/p><ul><li>R\u00e9alisation de l\u2019interconnexion \u00e9lectrique aboutie en octobre 2018<\/li><li>Projet d\u2019interconnexion ferroviaire en cours<\/li><li>Pipeline Bolgatanga-P\u00f4\u00a0: signature du M\u00e9morandum d\u2019entente en 2023<\/li><li>Protocole d&rsquo;accord pour \u00e9tablir une commission conjointe pour la r\u00e9affirmation des fronti\u00e8res terrestres en 2024 entre les Commissions des fronti\u00e8res du Ghana et celle du Burkina Faso<\/li><\/ul><p><strong><u>Acteurs de soutien \u00e0 l\u2019\u00e9conomie<\/u><\/strong><\/p><p>Les repr\u00e9sentations de la Chambre de Commerce et d\u2019Industrie (CCI-BF), du Conseil Burkinab\u00e8 des Chargeurs (CBC) et de la SONABHY bas\u00e9es au Port de Tema sont les acteurs majeurs pour le suivi, l\u2019assistance et l\u2019ex\u00e9cution des t\u00e2ches au profit notamment des op\u00e9rateurs \u00e9conomiques burkinab\u00e8 et partenaires au Ghana.<\/p><p>Les statistiques des op\u00e9rations relev\u00e9es ont connu une baisse significative du fait des co\u00fbts exorbitants des taxes pour les marchandises en transit, de l\u2019imposition de taxes Covid-19 pour toutes d\u00e9penses au Ghana et la forte d\u00e9pr\u00e9ciation du cedi par rapport au dollar. Ces diverses insuffisances ont conduit \u00e0 une baisse du fret vers le Burkina Faso.<\/p><p><strong><u>Au plan d\u00e9fense et s\u00e9curit\u00e9<\/u><\/strong><\/p><p>Le Burkina Faso est membre de l\u2019Initiative d\u2019Accra, avec un Commissaire de Police en poste au Secr\u00e9tariat Ex\u00e9cutif \u00e0 Accra.<\/p><p>Le Burkina Faso est membre du Centre de Coordination Maritime Multinational MMCC, Zone F dont le si\u00e8ge est \u00e0 Accra.<\/p><p>Un projet de Protocole d\u2019entente entre les Forces Arm\u00e9es du Ghana et celles du Burkina Faso en mati\u00e8re de coop\u00e9ration militaire a \u00e9t\u00e9 \u00e9chang\u00e9 entre les deux pays.<\/p><p>Les \u00e9changes d\u2019information, de renseignement le long des fronti\u00e8res, entre les forces arm\u00e9es, mais aussi entre les responsables des douanes, de l\u2019immigration, de la police des deux pays contribuent \u00e9norm\u00e9ment \u00e0 la lutte contre le grand banditisme, la criminalit\u00e9 transfrontali\u00e8re et le terrorisme.<\/p><p><strong><u>La gestion des crues des eaux du barrage de Bagr\u00e9<\/u><\/strong><\/p><p>Il existe un m\u00e9canisme de suivi et de communication des donn\u00e9es pluviom\u00e9triques relev\u00e9es, entre les services techniques des deux pays. Il est tr\u00e8s important<strong> s<\/strong>urtout en saison des pluies au Burkina Faso, pour faire face aux risques d\u2019inondations lorsqu\u2019est activ\u00e9 le d\u00e9versement des hautes crues des eaux du barrage de Bagr\u00e9.<\/p><p><strong><u>La libre circulation des personnes et des biens<\/u><\/strong><\/p><p>Il est exig\u00e9 \u00e0 tout \u00e9tranger en s\u00e9jour de plus de 90 jours au Ghana de se procurer\u00a0la carte de non-citoyennet\u00e9 (120 dollars la 1\u00e8re ann\u00e9e et 60 dollars au renouvellement annuel) et le permis de r\u00e9sidence (150 cedis par an). Ceux qui sont pris \u00e0 d\u00e9faut sont soumis \u00e0 des tracasseries, en d\u00e9pit de la carte de voyage de la CEDEAO.<\/p><p>La coop\u00e9ration entre le Burkina Faso et la R\u00e9publique du Ghana a toujours \u00e9t\u00e9 globalement satisfaisante, au regard des acquis ci-haut \u00e9num\u00e9r\u00e9s. Cependant, le Burkina Faso sur la ligne de front contre les attaques terroristes et l\u2019extr\u00e9misme violent avec toutes les multiples cons\u00e9quences, ne re\u00e7oit pas la solidarit\u00e9 qu\u2019elle pourrait attendre du Ghana. Toutefois, des efforts sont \u00e0 poursuivre pour renforcer la confiance et la solidarit\u00e9 dans la coop\u00e9ration entre les deux Nations li\u00e9es par la g\u00e9ographie, l\u2019histoire et la culture.<\/p>\t\t\t\t\t\t\t\t<\/div>\n\t\t\t\t<\/div>\n\t\t\t\t<div class=\"elementor-element elementor-element-35411af eael-divider-center elementor-widget elementor-widget-eael-divider\" data-id=\"35411af\" data-element_type=\"widget\" data-e-type=\"widget\" data-widget_type=\"eael-divider.default\">\n\t\t\t\t<div class=\"elementor-widget-container\">\n\t\t\t\t\t\t\t<div class=\"eael-divider-wrap divider-direction-horizontal\">\n\t\t\t\t\t\t\t<div class=\"divider-text-container\">\n\t\t\t\t\t<div class=\"divider-text-wrap\">\n\t\t\t\t\t\t\t\t\t\t\t\t\t<span class=\"divider-border-wrap divider-border-left\">\n\t\t\t\t\t\t\t\t<span class=\"divider-border\"><\/span>\n\t\t\t\t\t\t\t<\/span>\n\t\t\t\t\t\t\t\t\t\t\t\t<span class=\"eael-divider-content\">\n\t\t\t\t\t\t\t\t\t\t\t\t\t\t\t<span class=\"eael-divider-icon\">\n\t\t\t\t\t\t\t\t\t\t\t\t\t\t\t\t\t\t\t<svg aria-hidden=\"false\" class=\"e-font-icon-svg e-fas-star\" viewBox=\"0 0 576 512\" xmlns=\"http:\/\/www.w3.org\/2000\/svg\"><path d=\"M259.3 17.8L194 150.2 47.9 171.5c-26.2 3.8-36.7 36.1-17.7 54.6l105.7 103-25 145.5c-4.5 26.3 23.2 46 46.4 33.7L288 439.6l130.7 68.7c23.2 12.2 50.9-7.4 46.4-33.7l-25-145.5 105.7-103c19-18.5 8.5-50.8-17.7-54.6L382 150.2 316.7 17.8c-11.7-23.6-45.6-23.9-57.4 0z\"><\/path><\/svg>\t\t\t\t\t\t\t\t\t\t\t\t\t\t\t\t\t<\/span>\n\t\t\t\t\t\t\t\t\t\t\t\t\t<\/span>\n\t\t\t\t\t\t\t\t\t\t\t\t\t<span class=\"divider-border-wrap divider-border-right\">\n\t\t\t\t\t\t\t\t<span class=\"divider-border\"><\/span>\n\t\t\t\t\t\t\t<\/span>\n\t\t\t\t\t\t\t\t\t\t\t<\/div>\n\t\t\t\t<\/div>\n\t\t\t\t\t<\/div>\n\t\t\t\t<\/div>\n\t\t\t\t<\/div>\n\t\t\t\t\t<\/div>\n\t\t<\/div>\n\t\t\t\t\t<\/div>\n\t\t<\/section>\n\t\t\t\t\t<\/div>\n\t\t<\/div>\n\t\t\t\t<div class=\"elementor-column elementor-col-33 elementor-top-column elementor-element elementor-element-f913597\" data-id=\"f913597\" data-element_type=\"column\" data-e-type=\"column\">\n\t\t\t<div class=\"elementor-widget-wrap elementor-element-populated\">\n\t\t\t\t\t\t<div class=\"elementor-element elementor-element-b42947b elementor-widget elementor-widget-image\" data-id=\"b42947b\" data-element_type=\"widget\" data-e-type=\"widget\" data-widget_type=\"image.default\">\n\t\t\t\t<div class=\"elementor-widget-container\">\n\t\t\t\t\t\t\t\t\t\t\t\t\t\t\t<img decoding=\"async\" width=\"338\" height=\"226\" src=\"https:\/\/ghana.diplomatie.gov.bf\/wp-content\/uploads\/sites\/31\/2024\/10\/Flag_of_Ghana.svg.png\" class=\"attachment-large size-large wp-image-5173\" alt=\"\" srcset=\"https:\/\/ghana.diplomatie.gov.bf\/wp-content\/uploads\/sites\/31\/2024\/10\/Flag_of_Ghana.svg.png 338w, https:\/\/ghana.diplomatie.gov.bf\/wp-content\/uploads\/sites\/31\/2024\/10\/Flag_of_Ghana.svg-300x201.png 300w\" sizes=\"(max-width: 338px) 100vw, 338px\" \/>\t\t\t\t\t\t\t\t\t\t\t\t\t\t\t<\/div>\n\t\t\t\t<\/div>\n\t\t\t\t\t<\/div>\n\t\t<\/div>\n\t\t\t\t\t<\/div>\n\t\t<\/section>\n\t\t\t\t<\/div>\n\t\t","protected":false},"excerpt":{"rendered":"<p>Le Burkina Faso dont l\u2019Ambassade a \u00e9t\u00e9 ouverte en R\u00e9publique du Ghana en mars 1961 a, au cours des d\u00e9cennies successives, entretenu avec ce pays des relations cordiales et fraternelles, fond\u00e9es sur des h\u00e9ritages communs que partagent les diff\u00e9rentes communaut\u00e9s de part et d\u2019autre des fronti\u00e8res, sur les plans g\u00e9ographique, historique, culturel et linguistique. Au [&hellip;]<\/p>\n","protected":false},"author":4,"featured_media":0,"parent":0,"menu_order":0,"comment_status":"closed","ping_status":"closed","template":"elementor_header_footer","meta":{"_acf_changed":false,"_monsterinsights_skip_tracking":false,"_monsterinsights_sitenote_active":false,"_monsterinsights_sitenote_note":"","_monsterinsights_sitenote_category":0,"footnotes":""},"class_list":["post-3081","page","type-page","status-publish","hentry"],"acf":[],"_links":{"self":[{"href":"https:\/\/ghana.diplomatie.gov.bf\/index.php\/wp-json\/wp\/v2\/pages\/3081","targetHints":{"allow":["GET"]}}],"collection":[{"href":"https:\/\/ghana.diplomatie.gov.bf\/index.php\/wp-json\/wp\/v2\/pages"}],"about":[{"href":"https:\/\/ghana.diplomatie.gov.bf\/index.php\/wp-json\/wp\/v2\/types\/page"}],"author":[{"embeddable":true,"href":"https:\/\/ghana.diplomatie.gov.bf\/index.php\/wp-json\/wp\/v2\/users\/4"}],"replies":[{"embeddable":true,"href":"https:\/\/ghana.diplomatie.gov.bf\/index.php\/wp-json\/wp\/v2\/comments?post=3081"}],"version-history":[{"count":50,"href":"https:\/\/ghana.diplomatie.gov.bf\/index.php\/wp-json\/wp\/v2\/pages\/3081\/revisions"}],"predecessor-version":[{"id":5334,"href":"https:\/\/ghana.diplomatie.gov.bf\/index.php\/wp-json\/wp\/v2\/pages\/3081\/revisions\/5334"}],"wp:attachment":[{"href":"https:\/\/ghana.diplomatie.gov.bf\/index.php\/wp-json\/wp\/v2\/media?parent=3081"}],"curies":[{"name":"wp","href":"https:\/\/api.w.org\/{rel}","templated":true}]}}