{"id":3029,"date":"2024-06-25T17:16:44","date_gmt":"2024-06-25T15:16:44","guid":{"rendered":"https:\/\/ghana.diplomatie.gov.bf\/?page_id=3029"},"modified":"2024-10-05T18:42:02","modified_gmt":"2024-10-05T16:42:02","slug":"lambassade","status":"publish","type":"page","link":"https:\/\/ghana.diplomatie.gov.bf\/index.php\/lambassade\/","title":{"rendered":"L\u2019Ambassade"},"content":{"rendered":"\t\t<div data-elementor-type=\"wp-page\" data-elementor-id=\"3029\" class=\"elementor elementor-3029\" data-elementor-post-type=\"page\">\n\t\t\t\t<div data-particle_enable=\"false\" data-particle-mobile-disabled=\"false\" class=\"elementor-element elementor-element-1118693 e-flex e-con-boxed e-con e-parent\" data-id=\"1118693\" data-element_type=\"container\" data-e-type=\"container\" data-settings=\"{&quot;background_background&quot;:&quot;classic&quot;}\">\n\t\t\t\t\t<div class=\"e-con-inner\">\n\t\t<div data-particle_enable=\"false\" data-particle-mobile-disabled=\"false\" class=\"elementor-element elementor-element-02acb59 e-con-full e-flex e-con e-child\" data-id=\"02acb59\" data-element_type=\"container\" data-e-type=\"container\">\n\t\t\t\t<div class=\"elementor-element elementor-element-5bd8cc9 elementor-widget elementor-widget-image\" data-id=\"5bd8cc9\" data-element_type=\"widget\" data-e-type=\"widget\" data-widget_type=\"image.default\">\n\t\t\t\t<div class=\"elementor-widget-container\">\n\t\t\t\t\t\t\t\t\t\t\t\t<figure class=\"wp-caption\">\n\t\t\t\t\t\t\t\t\t\t\t<a href=\"https:\/\/ghana.diplomatie.gov.bf\/wp-content\/uploads\/sites\/31\/2024\/03\/37417904_2155500438023598_8567376272710172672_n.jpg\" data-elementor-open-lightbox=\"yes\" data-elementor-lightbox-title=\"37417904_2155500438023598_8567376272710172672_n\" data-e-action-hash=\"#elementor-action%3Aaction%3Dlightbox%26settings%3DeyJpZCI6NTAzMiwidXJsIjoiaHR0cHM6XC9cL2doYW5hLmRpcGxvbWF0aWUuZ292LmJmXC93cC1jb250ZW50XC91cGxvYWRzXC9zaXRlc1wvMzFcLzIwMjRcLzAzXC8zNzQxNzkwNF8yMTU1NTAwNDM4MDIzNTk4Xzg1NjczNzYyNzI3MTAxNzI2NzJfbi5qcGcifQ%3D%3D\">\n\t\t\t\t\t\t\t<img fetchpriority=\"high\" decoding=\"async\" width=\"640\" height=\"480\" src=\"https:\/\/ghana.diplomatie.gov.bf\/wp-content\/uploads\/sites\/31\/2024\/03\/37417904_2155500438023598_8567376272710172672_n.jpg\" class=\"attachment-large size-large wp-image-5032\" alt=\"\" \/>\t\t\t\t\t\t\t\t<\/a>\n\t\t\t\t\t\t\t\t\t\t\t<figcaption class=\"widget-image-caption wp-caption-text\">Ambassade du Burkina Faso \u00e0 Accra au Ghana<\/figcaption>\n\t\t\t\t\t\t\t\t\t\t<\/figure>\n\t\t\t\t\t\t\t\t\t<\/div>\n\t\t\t\t<\/div>\n\t\t\t\t<\/div>\n\t\t<div data-particle_enable=\"false\" data-particle-mobile-disabled=\"false\" class=\"elementor-element elementor-element-32a00ed e-con-full e-flex e-con e-child\" data-id=\"32a00ed\" data-element_type=\"container\" data-e-type=\"container\">\n\t\t\t\t<div class=\"elementor-element elementor-element-4466885 elementor-widget elementor-widget-text-editor\" data-id=\"4466885\" data-element_type=\"widget\" data-e-type=\"widget\" data-widget_type=\"text-editor.default\">\n\t\t\t\t<div class=\"elementor-widget-container\">\n\t\t\t\t\t\t\t\t\t<p>L\u2019Ambassade du Burkina Faso \u00e0 Accra a pour mission d\u2019assurer le suivi et le traitement de toutes les questions concernant les relations entre le Burkina Faso et la R\u00e9publique du Ghana, la R\u00e9publique du B\u00e9nin ainsi que la R\u00e9publique Togolaise.<\/p><p><strong>A ce titre, l\u2019Ambassade est charg\u00e9e<\/strong>\u00a0de :<\/p><ul><li>Repr\u00e9senter l\u2019Etat burkinab\u00e8 aupr\u00e8s des pays de la juridiction\u00a0;<\/li><li>N\u00e9gocier en son nom et de suivre la mise en \u0153uvre des Conventions, Trait\u00e9s et Accords internationaux avec les \u00c9tats de sa juridiction ;<\/li><li>Suivre toutes les questions de coop\u00e9ration\u00a0;<\/li><li>Informer le Gouvernement de l\u2019\u00e9volution des \u00e9v\u00e8nements dans les \u00c9tats accr\u00e9ditaires relevant de sa juridiction ;<\/li><li>Promouvoir les relations amicales et d\u00e9velopper les relations \u00e9conomiques, culturelles et scientifiques\u00a0;<\/li><li>Veiller \u00e0 la protection des ressortissants burkinab\u00e8 et de leurs biens au sein de la juridiction.<\/li><\/ul><p>\u00a0<\/p><p>L\u2019Ambassade, Mission Permanente est organis\u00e9e en services\u00a0:<\/p><ul><li><em><strong>Le Chef de Mission<\/strong><\/em><\/li><li><em><strong>Service politique et diplomatique<\/strong><\/em><\/li><li><em><strong>Service Consulaire<\/strong><\/em><\/li><li><em><strong>Service protocole<\/strong><\/em><\/li><li><em><strong>Service financier<\/strong><\/em><\/li><li><em><strong>Le Secr\u00e9tariat<\/strong><\/em><\/li><li><em><strong>La Mission militaire<\/strong><\/em><\/li><li><strong>Les Services Sp\u00e9cialis\u00e9s<\/strong><\/li><li><em><strong>Service presse et Communication<\/strong><\/em><\/li><li><strong>Les Structures d&rsquo;Appui<\/strong><\/li><\/ul>\t\t\t\t\t\t\t\t<\/div>\n\t\t\t\t<\/div>\n\t\t\t\t<\/div>\n\t\t\t\t\t<\/div>\n\t\t\t\t<\/div>\n\t\t<div data-particle_enable=\"false\" data-particle-mobile-disabled=\"false\" class=\"elementor-element elementor-element-3d7e291 e-flex e-con-boxed e-con e-parent\" data-id=\"3d7e291\" data-element_type=\"container\" data-e-type=\"container\" data-settings=\"{&quot;background_background&quot;:&quot;classic&quot;,&quot;background_motion_fx_motion_fx_scrolling&quot;:&quot;yes&quot;,&quot;background_motion_fx_translateY_effect&quot;:&quot;yes&quot;,&quot;shape_divider_top&quot;:&quot;triangle-asymmetrical&quot;,&quot;shape_divider_bottom&quot;:&quot;wave-brush&quot;,&quot;background_motion_fx_translateY_speed&quot;:{&quot;unit&quot;:&quot;px&quot;,&quot;size&quot;:4,&quot;sizes&quot;:[]},&quot;background_motion_fx_translateY_affectedRange&quot;:{&quot;unit&quot;:&quot;%&quot;,&quot;size&quot;:&quot;&quot;,&quot;sizes&quot;:{&quot;start&quot;:0,&quot;end&quot;:100}},&quot;background_motion_fx_devices&quot;:[&quot;desktop&quot;,&quot;tablet&quot;,&quot;mobile&quot;]}\">\n\t\t\t\t\t<div class=\"e-con-inner\">\n\t\t\t\t<div class=\"elementor-shape elementor-shape-top\" aria-hidden=\"true\" data-negative=\"false\">\n\t\t\t<svg xmlns=\"http:\/\/www.w3.org\/2000\/svg\" viewBox=\"0 0 1000 100\" preserveAspectRatio=\"none\">\n\t<path class=\"elementor-shape-fill\" d=\"M738,99l262-93V0H0v5.6L738,99z\"\/>\n<\/svg>\t\t<\/div>\n\t\t\t\t<div class=\"elementor-shape elementor-shape-bottom\" aria-hidden=\"true\" data-negative=\"false\">\n\t\t\t<svg xmlns=\"http:\/\/www.w3.org\/2000\/svg\" viewBox=\"0 0 283.5 27.8\" preserveAspectRatio=\"none\">\n\t<path class=\"elementor-shape-fill\" d=\"M283.5,9.7c0,0-7.3,4.3-14,4.6c-6.8,0.3-12.6,0-20.9-1.5c-11.3-2-33.1-10.1-44.7-5.7\ts-12.1,4.6-18,7.4c-6.6,3.2-20,9.6-36.6,9.3C131.6,23.5,99.5,7.2,86.3,8c-1.4,0.1-6.6,0.8-10.5,2c-3.8,1.2-9.4,3.8-17,4.7\tc-3.2,0.4-8.3,1.1-14.2,0.9c-1.5-0.1-6.3-0.4-12-1.6c-5.7-1.2-11-3.1-15.8-3.7C6.5,9.2,0,10.8,0,10.8V0h283.5V9.7z M260.8,11.3\tc-0.7-1-2-0.4-4.3-0.4c-2.3,0-6.1-1.2-5.8-1.1c0.3,0.1,3.1,1.5,6,1.9C259.7,12.2,261.4,12.3,260.8,11.3z M242.4,8.6\tc0,0-2.4-0.2-5.6-0.9c-3.2-0.8-10.3-2.8-15.1-3.5c-8.2-1.1-15.8,0-15.1,0.1c0.8,0.1,9.6-0.6,17.6,1.1c3.3,0.7,9.3,2.2,12.4,2.7\tC239.9,8.7,242.4,8.6,242.4,8.6z M185.2,8.5c1.7-0.7-13.3,4.7-18.5,6.1c-2.1,0.6-6.2,1.6-10,2c-3.9,0.4-8.9,0.4-8.8,0.5\tc0,0.2,5.8,0.8,11.2,0c5.4-0.8,5.2-1.1,7.6-1.6C170.5,14.7,183.5,9.2,185.2,8.5z M199.1,6.9c0.2,0-0.8-0.4-4.8,1.1\tc-4,1.5-6.7,3.5-6.9,3.7c-0.2,0.1,3.5-1.8,6.6-3C197,7.5,199,6.9,199.1,6.9z M283,6c-0.1,0.1-1.9,1.1-4.8,2.5s-6.9,2.8-6.7,2.7\tc0.2,0,3.5-0.6,7.4-2.5C282.8,6.8,283.1,5.9,283,6z M31.3,11.6c0.1-0.2-1.9-0.2-4.5-1.2s-5.4-1.6-7.8-2C15,7.6,7.3,8.5,7.7,8.6\tC8,8.7,15.9,8.3,20.2,9.3c2.2,0.5,2.4,0.5,5.7,1.6S31.2,11.9,31.3,11.6z M73,9.2c0.4-0.1,3.5-1.6,8.4-2.6c4.9-1.1,8.9-0.5,8.9-0.8\tc0-0.3-1-0.9-6.2-0.3S72.6,9.3,73,9.2z M71.6,6.7C71.8,6.8,75,5.4,77.3,5c2.3-0.3,1.9-0.5,1.9-0.6c0-0.1-1.1-0.2-2.7,0.2\tC74.8,5.1,71.4,6.6,71.6,6.7z M93.6,4.4c0.1,0.2,3.5,0.8,5.6,1.8c2.1,1,1.8,0.6,1.9,0.5c0.1-0.1-0.8-0.8-2.4-1.3\tC97.1,4.8,93.5,4.2,93.6,4.4z M65.4,11.1c-0.1,0.3,0.3,0.5,1.9-0.2s2.6-1.3,2.2-1.2s-0.9,0.4-2.5,0.8C65.3,10.9,65.5,10.8,65.4,11.1\tz M34.5,12.4c-0.2,0,2.1,0.8,3.3,0.9c1.2,0.1,2,0.1,2-0.2c0-0.3-0.1-0.5-1.6-0.4C36.6,12.8,34.7,12.4,34.5,12.4z M152.2,21.1\tc-0.1,0.1-2.4-0.3-7.5-0.3c-5,0-13.6-2.4-17.2-3.5c-3.6-1.1,10,3.9,16.5,4.1C150.5,21.6,152.3,21,152.2,21.1z\"\/>\n\t<path class=\"elementor-shape-fill\" d=\"M269.6,18c-0.1-0.1-4.6,0.3-7.2,0c-7.3-0.7-17-3.2-16.6-2.9c0.4,0.3,13.7,3.1,17,3.3\tC267.7,18.8,269.7,18,269.6,18z\"\/>\n\t<path class=\"elementor-shape-fill\" d=\"M227.4,9.8c-0.2-0.1-4.5-1-9.5-1.2c-5-0.2-12.7,0.6-12.3,0.5c0.3-0.1,5.9-1.8,13.3-1.2\tS227.6,9.9,227.4,9.8z\"\/>\n\t<path class=\"elementor-shape-fill\" d=\"M204.5,13.4c-0.1-0.1,2-1,3.2-1.1c1.2-0.1,2,0,2,0.3c0,0.3-0.1,0.5-1.6,0.4\tC206.4,12.9,204.6,13.5,204.5,13.4z\"\/>\n\t<path class=\"elementor-shape-fill\" d=\"M201,10.6c0-0.1-4.4,1.2-6.3,2.2c-1.9,0.9-6.2,3.1-6.1,3.1c0.1,0.1,4.2-1.6,6.3-2.6\tS201,10.7,201,10.6z\"\/>\n\t<path class=\"elementor-shape-fill\" d=\"M154.5,26.7c-0.1-0.1-4.6,0.3-7.2,0c-7.3-0.7-17-3.2-16.6-2.9c0.4,0.3,13.7,3.1,17,3.3\tC152.6,27.5,154.6,26.8,154.5,26.7z\"\/>\n\t<path class=\"elementor-shape-fill\" d=\"M41.9,19.3c0,0,1.2-0.3,2.9-0.1c1.7,0.2,5.8,0.9,8.2,0.7c4.2-0.4,7.4-2.7,7-2.6\tc-0.4,0-4.3,2.2-8.6,1.9c-1.8-0.1-5.1-0.5-6.7-0.4S41.9,19.3,41.9,19.3z\"\/>\n\t<path class=\"elementor-shape-fill\" d=\"M75.5,12.6c0.2,0.1,2-0.8,4.3-1.1c2.3-0.2,2.1-0.3,2.1-0.5c0-0.1-1.8-0.4-3.4,0\tC76.9,11.5,75.3,12.5,75.5,12.6z\"\/>\n\t<path class=\"elementor-shape-fill\" d=\"M15.6,13.2c0-0.1,4.3,0,6.7,0.5c2.4,0.5,5,1.9,5,2c0,0.1-2.7-0.8-5.1-1.4\tC19.9,13.7,15.7,13.3,15.6,13.2z\"\/>\n<\/svg>\t\t<\/div>\n\t\t\t\t<div class=\"elementor-element elementor-element-264fcd2 eael-divider-center elementor-widget elementor-widget-eael-divider\" data-id=\"264fcd2\" data-element_type=\"widget\" data-e-type=\"widget\" data-widget_type=\"eael-divider.default\">\n\t\t\t\t<div class=\"elementor-widget-container\">\n\t\t\t\t\t\t\t<div class=\"eael-divider-wrap divider-direction-horizontal\">\n\t\t\t\t\t\t\t<div class=\"divider-text-container\">\n\t\t\t\t\t<div class=\"divider-text-wrap\">\n\t\t\t\t\t\t\t\t\t\t\t\t\t<span class=\"divider-border-wrap divider-border-left\">\n\t\t\t\t\t\t\t\t<span class=\"divider-border\"><\/span>\n\t\t\t\t\t\t\t<\/span>\n\t\t\t\t\t\t\t\t\t\t\t\t<span class=\"eael-divider-content\">\n\t\t\t\t\t\t\t\t\t\t\t\t\t\t\t<span class=\"eael-divider-icon\">\n\t\t\t\t\t\t\t\t\t\t\t\t\t\t\t\t\t\t\t<svg aria-hidden=\"false\" class=\"e-font-icon-svg e-fas-star\" viewBox=\"0 0 576 512\" xmlns=\"http:\/\/www.w3.org\/2000\/svg\"><path d=\"M259.3 17.8L194 150.2 47.9 171.5c-26.2 3.8-36.7 36.1-17.7 54.6l105.7 103-25 145.5c-4.5 26.3 23.2 46 46.4 33.7L288 439.6l130.7 68.7c23.2 12.2 50.9-7.4 46.4-33.7l-25-145.5 105.7-103c19-18.5 8.5-50.8-17.7-54.6L382 150.2 316.7 17.8c-11.7-23.6-45.6-23.9-57.4 0z\"><\/path><\/svg>\t\t\t\t\t\t\t\t\t\t\t\t\t\t\t\t\t<\/span>\n\t\t\t\t\t\t\t\t\t\t\t\t\t<\/span>\n\t\t\t\t\t\t\t\t\t\t\t\t\t<span class=\"divider-border-wrap divider-border-right\">\n\t\t\t\t\t\t\t\t<span class=\"divider-border\"><\/span>\n\t\t\t\t\t\t\t<\/span>\n\t\t\t\t\t\t\t\t\t\t\t<\/div>\n\t\t\t\t<\/div>\n\t\t\t\t\t<\/div>\n\t\t\t\t<\/div>\n\t\t\t\t<\/div>\n\t\t\t\t<div class=\"elementor-element elementor-element-6150f26 elementor-widget-divider--view-line_text elementor-widget-divider--element-align-center elementor-widget elementor-widget-divider\" data-id=\"6150f26\" data-element_type=\"widget\" data-e-type=\"widget\" data-widget_type=\"divider.default\">\n\t\t\t\t<div class=\"elementor-widget-container\">\n\t\t\t\t\t\t\t<div class=\"elementor-divider\">\n\t\t\t<span class=\"elementor-divider-separator\">\n\t\t\t\t\t\t\t<span class=\"elementor-divider__text elementor-divider__element\">\n\t\t\t\tMissions et services de l'ambassade\t\t\t\t<\/span>\n\t\t\t\t\t\t<\/span>\n\t\t<\/div>\n\t\t\t\t\t\t<\/div>\n\t\t\t\t<\/div>\n\t\t\t\t<div class=\"elementor-element elementor-element-676a9d4 elementor-widget elementor-widget-eael-adv-tabs\" data-id=\"676a9d4\" data-element_type=\"widget\" data-e-type=\"widget\" data-widget_type=\"eael-adv-tabs.default\">\n\t\t\t\t<div class=\"elementor-widget-container\">\n\t\t\t\t\t        <div data-scroll-on-click=\"no\" data-scroll-speed=\"300\" id=\"eael-advance-tabs-676a9d4\" class=\"eael-advance-tabs eael-tabs-vertical eael-tab-auto-active \" data-tabid=\"676a9d4\">\n            <div class=\"eael-tabs-nav \">\n                <ul class=\"eael-tab-inline-icon\" role=\"tablist\">\n                                            <li id=\"les-missions\" class=\"inactive eael-tab-item-trigger eael-tab-nav-item\" aria-selected=\"true\" data-tab=\"1\" role=\"tab\" tabindex=\"0\" aria-controls=\"les-missions-tab\" aria-expanded=\"false\">\n                            \n                                                                <svg class=\"e-font-icon-svg e-far-object-group\" viewBox=\"0 0 512 512\" xmlns=\"http:\/\/www.w3.org\/2000\/svg\"><path d=\"M500 128c6.627 0 12-5.373 12-12V44c0-6.627-5.373-12-12-12h-72c-6.627 0-12 5.373-12 12v12H96V44c0-6.627-5.373-12-12-12H12C5.373 32 0 37.373 0 44v72c0 6.627 5.373 12 12 12h12v256H12c-6.627 0-12 5.373-12 12v72c0 6.627 5.373 12 12 12h72c6.627 0 12-5.373 12-12v-12h320v12c0 6.627 5.373 12 12 12h72c6.627 0 12-5.373 12-12v-72c0-6.627-5.373-12-12-12h-12V128h12zm-52-64h32v32h-32V64zM32 64h32v32H32V64zm32 384H32v-32h32v32zm416 0h-32v-32h32v32zm-40-64h-12c-6.627 0-12 5.373-12 12v12H96v-12c0-6.627-5.373-12-12-12H72V128h12c6.627 0 12-5.373 12-12v-12h320v12c0 6.627 5.373 12 12 12h12v256zm-36-192h-84v-52c0-6.628-5.373-12-12-12H108c-6.627 0-12 5.372-12 12v168c0 6.628 5.373 12 12 12h84v52c0 6.628 5.373 12 12 12h200c6.627 0 12-5.372 12-12V204c0-6.628-5.373-12-12-12zm-268-24h144v112H136V168zm240 176H232v-24h76c6.627 0 12-5.372 12-12v-76h56v112z\"><\/path><\/svg>                                                            \n                                                            <span class=\"eael-tab-title title-after-icon\" >Les missions<\/span>                            \n                                                    <\/li>\n                                            <li id=\"les-services\" class=\"inactive eael-tab-item-trigger eael-tab-nav-item\" aria-selected=\"false\" data-tab=\"2\" role=\"tab\" tabindex=\"-1\" aria-controls=\"les-services-tab\" aria-expanded=\"false\">\n                            \n                                                                <svg class=\"e-font-icon-svg e-fab-servicestack\" viewBox=\"0 0 496 512\" xmlns=\"http:\/\/www.w3.org\/2000\/svg\"><path d=\"M88 216c81.7 10.2 273.7 102.3 304 232H0c99.5-8.1 184.5-137 88-232zm32-152c32.3 35.6 47.7 83.9 46.4 133.6C249.3 231.3 373.7 321.3 400 448h96C455.3 231.9 222.8 79.5 120 64z\"><\/path><\/svg>                                                            \n                                                            <span class=\"eael-tab-title title-after-icon\" >Les services<\/span>                            \n                                                    <\/li>\n                    \n                                  <\/ul>\n            <\/div>\n            \n            <div class=\"eael-tabs-content\">\n\t\t        \n                    <div id=\"les-missions-tab\" class=\"clearfix eael-tab-content-item inactive\" data-title-link=\"les-missions-tab\">\n\t\t\t\t        <p><strong><u>ATTRIBUTIONS DE L\u2019AMBASSADE<\/u><\/strong><\/p><p>L\u2019Ambassade du Burkina Faso \u00e0 Accra a pour mission d\u2019assurer le suivi et le traitement de toutes les questions concernant les relations entre le Burkina Faso et la R\u00e9publique du Ghana, la R\u00e9publique du B\u00e9nin ainsi que la R\u00e9publique Togolaise.<\/p><p><strong>A ce titre, l\u2019Ambassade est charg\u00e9e\u00a0de<\/strong> :<\/p><ul><li>Repr\u00e9senter l\u2019\u00c9tat burkinab\u00e8 aupr\u00e8s des pays de la juridiction ;<\/li><li>N\u00e9gocier en son nom et de suivre la mise en \u0153uvre des Conventions, Trait\u00e9s et Accords internationaux avec les Etats de sa juridiction\u00a0;<\/li><li>Suivre toutes les questions de coop\u00e9ration\u00a0;<\/li><li>Informer le Gouvernement de l\u2019\u00e9volution des \u00e9v\u00e8nements dans les Etats accr\u00e9ditaires relevant de sa juridiction\u00a0;<\/li><li>Promouvoir les relations amicales et d\u00e9velopper les relations \u00e9conomiques, culturelles et scientifiques\u00a0;<\/li><li>Veiller \u00e0 la protection des ressortissants burkinab\u00e8 et de leurs biens au sein de la juridiction.<\/li><\/ul>                    <\/div>\n\t\t        \n                    <div id=\"les-services-tab\" class=\"clearfix eael-tab-content-item inactive\" data-title-link=\"les-services-tab\">\n\t\t\t\t        <p><strong><u>ORGANISATION ET FONCTIONNEMENT DE L\u2019AMBASSADE<\/u><\/strong><\/p><p>L\u2019Ambassade est organis\u00e9e autour des services de base, de la mission militaire, des services sp\u00e9cialis\u00e9s et structures d\u2019appui. Tous les services sont rattach\u00e9s au service politique et au Chef de mission.<\/p><p><strong><u>Les services de base<\/u><\/strong><\/p><p><strong>Le poste de Chef de mission<\/strong><\/p><p>L\u2019Ambassadeur est le Chef de Mission Diplomatique. Il est le repr\u00e9sentant personnel du Pr\u00e9sident du Faso aupr\u00e8s de la R\u00e9publique du Ghana, de la R\u00e9publique du B\u00e9nin ainsi que de la R\u00e9publique Togolaise.<\/p><p>Le Chef de Mission est charg\u00e9, sous l\u2019autorit\u00e9 du Ministre en charge des Affaires \u00c9trang\u00e8res, d\u2019assurer la mise en \u0153uvre de la politique \u00e9trang\u00e8re du Burkina Faso au sein de sa juridiction, conform\u00e9ment \u00e0 sa lettre de mission.<\/p><p>A ce titre, il d\u00e9finit l\u2019orientation g\u00e9n\u00e9rale des activit\u00e9s de l\u2019Ambassade, assure l\u2019animation et la responsabilit\u00e9 du fonctionnement harmonieux des diff\u00e9rents Services plac\u00e9s sous son autorit\u00e9.<\/p><p>Il communique \u00e0 son premier collaborateur, pour son information et pour un meilleur suivi et coordination des activit\u00e9s de l\u2019Ambassade, le courrier \u00e0 l\u2019arriv\u00e9e et au d\u00e9part ainsi que toutes informations utiles \u00e0 cette fin.<\/p><p>L\u2019Ambassadeur convoque des r\u00e9unions ordinaires d\u2019informations et de coordination qui regroupent les Chefs de Service de fa\u00e7on hebdomadaire. Il peut convoquer des r\u00e9unions extraordinaires \u00e0 l\u2019intention de tout le personnel diplomatique.<\/p><p><strong>Le service politique<\/strong><\/p><p>Le Service politique et diplomatique est dirig\u00e9, selon le cas, par un Ministre Conseiller, un Premier ou Deuxi\u00e8me Conseiller.<\/p><p>Le Chef du Service politique assiste le Chef de Mission dans la mise en \u0153uvre de la politique \u00e9trang\u00e8re du Burkina Faso dans le pays d\u2019accueil. A ce sujet il suit et traite les questions \u00e0 caract\u00e8re politique et diplomatique entre le pays d\u2019accueil et le Burkina Faso. Il assure \u00e9galement la gestion administrative du personnel.<\/p><p><strong>Le service consulaire<\/strong><\/p><p>Le Service Consulaire est dirig\u00e9, selon le cas, par un Premier ou un Deuxi\u00e8me Secr\u00e9taire.<\/p><p>Le Chef du Service Consulaire est charg\u00e9 du traitement des questions d\u2019ordre consulaire. Il d\u00e9livre des documents administratifs ou consulaires au profit des Burkinab\u00e8 de l\u2019Ext\u00e9rieur. Il veille \u00e0 l\u2019organisation, la sensibilisation et la mobilisation des ressortissants burkinab\u00e8 dans le pays d\u2019accueil.<\/p><p><strong>Le service du protocole<\/strong><\/p><p>Le Service du Protocole est dirig\u00e9 par un Premier, Deuxi\u00e8me ou Troisi\u00e8me Secr\u00e9taire ou un Attach\u00e9 d\u2019Ambassade issu du Corps des Adjoints de Chancellerie.<\/p><p>Le Chef du Service du Protocole assure le protocole de l\u2019Ambassade. Il est charg\u00e9 de l\u2019organisation de\u00a0l\u2019accueil, l\u2019h\u00e9bergement et le programme de s\u00e9jour des personnalit\u00e9s burkinab\u00e8 en visite dans les pays de la juridiction<\/p><p><strong>Le service financier<\/strong><\/p><p>Le service financier aupr\u00e8s de l\u2019Ambassade est plac\u00e9 sous la responsabilit\u00e9 d\u2019un Tr\u00e9sorier. Il r\u00e9alise les op\u00e9rations de tr\u00e9sorerie\u00a0et tient la comptabilit\u00e9 de la Mission.<\/p><p><strong>Le secr\u00e9tariat particulier<\/strong><\/p><p>L\u2019organisation du Secr\u00e9tariat Particulier de l\u2019Ambassadeur est laiss\u00e9e \u00e0 sa discr\u00e9tion<\/p><p>Le Secr\u00e9tariat est dirig\u00e9 par un Secr\u00e9taire de direction ou un Adjoint de Secr\u00e9tariat.<\/p><p>Le responsable du Secr\u00e9tariat est charg\u00e9, entre autres, d\u2019assister le chef du Service Protocole dans l\u2019organisation et la gestion de l\u2019emploi du temps du Chef de Mission\u00a0; de g\u00e9rer le courrier et la valise diplomatique.<\/p><p><strong><u>\u00a0La mission militaire <\/u><\/strong><\/p><p>La Mission Militaire est dirig\u00e9e par un Attach\u00e9 de D\u00e9fense, Officier sup\u00e9rieur des Forces Arm\u00e9es Nationales, accr\u00e9dit\u00e9 aupr\u00e8s de chacun des pays couverts par la juridiction diplomatique.\u00a0\u00a0<\/p><p>L&rsquo;Attach\u00e9 de D\u00e9fense traite et suit les dossiers de coop\u00e9ration en mati\u00e8re de d\u00e9fense et de s\u00e9curit\u00e9 avec les pays de la juridiction.<\/p><p><strong><u>\u00a0Les services sp\u00e9cialis\u00e9s<\/u><\/strong><\/p><p><strong>Le service \u00e9conomique et commercial<\/strong><\/p><p>Le Service \u00e9conomique et Commercial est dirig\u00e9, selon le cas, par un Premier ou un Deuxi\u00e8me Conseiller ou un Conseiller \u00e9conomique.<\/p><p>Le Chef du Service \u00c9conomique et Commercial traite et suit les dossiers \u00e0 caract\u00e8res \u00e9conomiques et commercial. Il \u0153uvre \u00e0 la promotion des relations \u00e9conomiques et commerciales entre le Burkina Faso et les pays de la juridiction.<\/p><p><strong>Le service culturel<\/strong><\/p><p>Le Service Culturel est dirig\u00e9, selon le cas, par un Conseiller ou un Attach\u00e9 Culturel.<\/p><p>Le Chef du Service Culturel traite et suit les dossiers relatifs aux questions d\u2019ordre culturel et touristique. Il \u0153uvre \u00e0 la promotion de la culture du tourisme burkinab\u00e8 dans les pays de la juridiction.<\/p><p><strong>Le service des questions douani\u00e8res<\/strong><\/p><p>Le service des questions douani\u00e8res est dirig\u00e9 par un Conseiller charg\u00e9 des questions douani\u00e8res.<\/p><p>Le Conseiller est charg\u00e9 de suivre la mise en \u0153uvre des conventions et protocoles d\u2019accord sign\u00e9s entre l\u2019administration des douanes du Burkina Faso et celle du pays de r\u00e9sidence.<\/p><p><strong>Le service des r\u00e9seaux de transmission radio<\/strong><\/p><p>Le Service des r\u00e9seaux de transmission radio est dirig\u00e9 par un Attach\u00e9 militaire. L\u2019Attach\u00e9 militaire assure la transmission des informations sp\u00e9cifiques de d\u00e9fense et de s\u00e9curit\u00e9.<\/p><p><strong>Le service de presse et communication<\/strong><\/p><p>Le Service de Presse et Communication est dirig\u00e9 par un Attach\u00e9 de presse ou le cas \u00e9ch\u00e9ant un Attach\u00e9 d\u00e9sign\u00e9 \u00e0 cette fin.<\/p><p>Le Chef du Service de Presse, Communication et Relations publiques est charg\u00e9 d\u2019\u0153uvrer \u00e0 pr\u00e9server et \u00e0 promouvoir l\u2019image de marque du Burkina Faso dans les m\u00e9dias et le paysage politique des pays de la juridiction. Il met \u00e0 la disposition du Chef du Service Politique les informations publiques pertinentes diffus\u00e9es par les m\u00e9dias des pays de la juridiction et ceux du Burkina Faso.<\/p><p><strong><u>Les structures d\u2019appui<\/u><\/strong><\/p><p>Les structures d\u2019appui comprennent\u00a0:<\/p><ul><li>Le service Interpr\u00e9tation\/Traduction\u00a0;<\/li><li>Le service Accueil\/R\u00e9ception\u00a0;<\/li><li>Le service d\u2019entretien\u00a0;<\/li><li>Le service du parc automobile ;<\/li><\/ul><p>Le service S\u00e9curit\u00e9 de la chancellerie.<\/p>                    <\/div>\n\t\t                    <\/div>\n        <\/div>\n\t\t\t\t<\/div>\n\t\t\t\t<\/div>\n\t\t\t\t\t<\/div>\n\t\t\t\t<\/div>\n\t\t\t\t<\/div>\n\t\t","protected":false},"excerpt":{"rendered":"<p>Ambassade du Burkina Faso \u00e0 Accra au Ghana L\u2019Ambassade du Burkina Faso \u00e0 Accra a pour mission d\u2019assurer le suivi et le traitement de toutes les questions concernant les relations entre le Burkina Faso et la R\u00e9publique du Ghana, la R\u00e9publique du B\u00e9nin ainsi que la R\u00e9publique Togolaise. A ce titre, l\u2019Ambassade est charg\u00e9e\u00a0de : [&hellip;]<\/p>\n","protected":false},"author":4,"featured_media":0,"parent":0,"menu_order":0,"comment_status":"closed","ping_status":"closed","template":"elementor_header_footer","meta":{"_acf_changed":false,"_monsterinsights_skip_tracking":false,"_monsterinsights_sitenote_active":false,"_monsterinsights_sitenote_note":"","_monsterinsights_sitenote_category":0,"footnotes":""},"class_list":["post-3029","page","type-page","status-publish","hentry"],"acf":[],"_links":{"self":[{"href":"https:\/\/ghana.diplomatie.gov.bf\/index.php\/wp-json\/wp\/v2\/pages\/3029","targetHints":{"allow":["GET"]}}],"collection":[{"href":"https:\/\/ghana.diplomatie.gov.bf\/index.php\/wp-json\/wp\/v2\/pages"}],"about":[{"href":"https:\/\/ghana.diplomatie.gov.bf\/index.php\/wp-json\/wp\/v2\/types\/page"}],"author":[{"embeddable":true,"href":"https:\/\/ghana.diplomatie.gov.bf\/index.php\/wp-json\/wp\/v2\/users\/4"}],"replies":[{"embeddable":true,"href":"https:\/\/ghana.diplomatie.gov.bf\/index.php\/wp-json\/wp\/v2\/comments?post=3029"}],"version-history":[{"count":95,"href":"https:\/\/ghana.diplomatie.gov.bf\/index.php\/wp-json\/wp\/v2\/pages\/3029\/revisions"}],"predecessor-version":[{"id":5326,"href":"https:\/\/ghana.diplomatie.gov.bf\/index.php\/wp-json\/wp\/v2\/pages\/3029\/revisions\/5326"}],"wp:attachment":[{"href":"https:\/\/ghana.diplomatie.gov.bf\/index.php\/wp-json\/wp\/v2\/media?parent=3029"}],"curies":[{"name":"wp","href":"https:\/\/api.w.org\/{rel}","templated":true}]}}